{"id":316,"date":"2024-06-23T10:22:48","date_gmt":"2024-06-23T10:22:48","guid":{"rendered":"http:\/\/draeger-kg.de\/?page_id=316"},"modified":"2024-08-19T21:12:36","modified_gmt":"2024-08-19T21:12:36","slug":"impressum-datenschutz","status":"publish","type":"page","link":"https:\/\/draeger-kg.de\/?page_id=316","title":{"rendered":"Impressum &#038; Datenschutz"},"content":{"rendered":"\t\t<div data-elementor-type=\"wp-page\" data-elementor-id=\"316\" class=\"elementor elementor-316\" data-elementor-post-type=\"page\">\n\t\t\t\t<div class=\"elementor-element elementor-element-d955d32 e-flex e-con-boxed e-con e-parent\" data-id=\"d955d32\" data-element_type=\"container\" data-settings=\"{&quot;content_width&quot;:&quot;boxed&quot;}\" data-core-v316-plus=\"true\">\n\t\t\t\t\t<div class=\"e-con-inner\">\n\t\t\t\t<div class=\"elementor-element elementor-element-7eb2835 elementor-widget elementor-widget-text-editor\" data-id=\"7eb2835\" data-element_type=\"widget\" data-widget_type=\"text-editor.default\">\n\t\t\t\t<div class=\"elementor-widget-container\">\n\t\t\t<style>\/*! elementor - v3.19.0 - 07-02-2024 *\/\n.elementor-widget-text-editor.elementor-drop-cap-view-stacked .elementor-drop-cap{background-color:#69727d;color:#fff}.elementor-widget-text-editor.elementor-drop-cap-view-framed .elementor-drop-cap{color:#69727d;border:3px solid;background-color:transparent}.elementor-widget-text-editor:not(.elementor-drop-cap-view-default) .elementor-drop-cap{margin-top:8px}.elementor-widget-text-editor:not(.elementor-drop-cap-view-default) .elementor-drop-cap-letter{width:1em;height:1em}.elementor-widget-text-editor .elementor-drop-cap{float:left;text-align:center;line-height:1;font-size:50px}.elementor-widget-text-editor .elementor-drop-cap-letter{display:inline-block}<\/style>\t\t\t\t<p><strong>Impressum<\/strong><\/p><p>Dr\u00e4ger KG<br \/>Alte Heerstr. 36-40<br \/>53757 Sankt Augustin<\/p><p>Telefon: 02241\/21110<br \/>Telefax: 02241\/341833<br \/>E-Mail: <a rel=\"noopener\">abschleppdienst@draeger-kg.de<\/a><\/p><p>Vertreten durch:<br \/>Kai-Uwe Dr\u00e4ger<\/p><p>Registereintrag:<br \/>Eingetragen im Handelsregister.<br \/>Registergericht: Amtsgericht Siegburg<br \/>Registernummer: 2784<\/p><p>Umsatzsteuer-ID:<br \/>Umsatzsteuer-Identifikationsnummer nach \u00a727a Umsatzsteuergesetz:<br \/>DE123386079<\/p><p>Verantwortlich f\u00fcr den Inhalt (gem. \u00a7 55 Abs. 2 RStV):<br \/>Dr\u00e4ger KG<br \/>Alte Heerstr. 36-40<br \/>53757 Sankt Augustin<\/p><p>Bildrechte:<br \/>ACE Auto Club Europa<\/p><p><strong>Design &amp; Konzept:<\/strong><br \/>Brandvisory GmbH<\/p><p><strong>Disclaimer \u2013 rechtliche Hinweise<\/strong><\/p><p><strong>\u00a7 1 Warnhinweis zu Inhalten<\/strong><br \/>Die kostenlosen und frei zug\u00e4nglichen Inhalte dieser Webseite wurden mit gr\u00f6\u00dftm\u00f6glicher Sorgfalt erstellt. Der Anbieter dieser Webseite \u00fcbernimmt jedoch keine Gew\u00e4hr f\u00fcr die Richtigkeit und Aktualit\u00e4t der bereitgestellten kostenlosen und frei zug\u00e4nglichen journalistischen Ratgeber und Nachrichten. Namentlich gekennzeichnete Beitr\u00e4ge geben die Meinung des jeweiligen Autors und nicht immer die Meinung des Anbieters wieder. Allein durch den Aufruf der kostenlosen und frei zug\u00e4nglichen Inhalte kommt keinerlei Vertragsverh\u00e4ltnis zwischen dem Nutzer und dem Anbieter zustande, insoweit fehlt es am Rechtsbindungswillen des Anbieters.<\/p><p><strong>\u00a7 2 Externe Links<\/strong><br \/>Diese Website enth\u00e4lt Verkn\u00fcpfungen zu Websites Dritter (\u201cexterne Links\u201d). Diese Websites unterliegen der Haftung der jeweiligen Betreiber. Der Anbieter hat bei der erstmaligen Verkn\u00fcpfung der externen Links die fremden Inhalte daraufhin \u00fcberpr\u00fcft, ob etwaige Rechtsverst\u00f6\u00dfe bestehen. Zu dem Zeitpunkt waren keine Rechtsverst\u00f6\u00dfe ersichtlich. Der Anbieter hat keinerlei Einfluss auf die aktuelle und zuk\u00fcnftige Gestaltung und auf die Inhalte der verkn\u00fcpften Seiten. Das Setzen von externen Links bedeutet nicht, dass sich der Anbieter die hinter dem Verweis oder Link liegenden Inhalte zu Eigen macht. Eine st\u00e4ndige Kontrolle der externen Links ist f\u00fcr den Anbieter ohne konkrete Hinweise auf Rechtsverst\u00f6\u00dfe nicht zumutbar. Bei Kenntnis von Rechtsverst\u00f6\u00dfen werden jedoch derartige externe Links unverz\u00fcglich gel\u00f6scht.<\/p><p><strong>\u00a7 3 Urheber- und Leistungsschutzrechte<\/strong><br \/>Die auf dieser Website ver\u00f6ffentlichten Inhalte unterliegen dem deutschen Urheber- und Leistungsschutzrecht. Jede vom deutschen Urheber- und Leistungsschutzrecht nicht zugelassene Verwertung bedarf der vorherigen schriftlichen Zustimmung des Anbieters oder jeweiligen Rechteinhabers. Dies gilt insbesondere f\u00fcr Vervielf\u00e4ltigung, Bearbeitung, \u00dcbersetzung, Einspeicherung, Verarbeitung bzw. Wiedergabe von Inhalten in Datenbanken oder anderen elektronischen Medien und Systemen. Inhalte und Rechte Dritter sind dabei als solche gekennzeichnet. Die unerlaubte Vervielf\u00e4ltigung oder Weitergabe einzelner Inhalte oder kompletter Seiten ist nicht gestattet und strafbar. Lediglich die Herstellung von Kopien und Downloads f\u00fcr den pers\u00f6nlichen, privaten und nicht kommerziellen Gebrauch ist erlaubt.<\/p><p>Die Darstellung dieser Website in fremden Frames ist nur mit schriftlicher Erlaubnis zul\u00e4ssig.<\/p><p><strong>\u00a7 4 Besondere Nutzungsbedingungen<\/strong><br \/>Soweit besondere Bedingungen f\u00fcr einzelne Nutzungen dieser Website von den vorgenannten Paragraphen abweichen, wird an entsprechender Stelle ausdr\u00fccklich darauf hingewiesen. In diesem Falle gelten im jeweiligen Einzelfall die besonderen Nutzungsbedingungen.<\/p><p><strong>Google Maps<\/strong><br \/>Diese Webseite verwendet den Kartendienst Google Maps, um geographische Informationen visuell darzustellen. Die Nutzung von Google Maps erfolgt im Interesse einer ansprechenden Darstellung unseres Online-Angebots und einer leichten Auffindbarkeit der von uns auf der Website angegebenen Orte.<\/p><p>Durch die Nutzung von Google Maps auf unserer Webseite werden Informationen \u00fcber die Nutzung unserer Webseite (einschlie\u00dflich Ihrer IP-Adresse) an Server von Google in den USA \u00fcbertragen und dort gespeichert. Dies geschieht unabh\u00e4ngig davon, ob Sie in ein Google-Benutzerkonto eingeloggt sind oder nicht. Wenn Sie in ein Google-Benutzerkonto eingeloggt sind, werden Ihre Daten direkt Ihrem Konto zugeordnet. Wenn Sie die Zuordnung mit Ihrem Profil bei Google nicht w\u00fcnschen, m\u00fcssen Sie sich vor Aktivierung des Buttons ausloggen.<\/p><p>Die Nutzung von Google Maps erfolgt auf Grundlage Ihrer Einwilligung gem\u00e4\u00df Art. 6 Abs. 1 lit. a DSGVO. Diese Einwilligung k\u00f6nnen Sie jederzeit widerrufen. Weitere Informationen zur Datenverarbeitung durch Google finden Sie in der <a target=\"_new\" rel=\"noopener\">Datenschutzerkl\u00e4rung von Google<\/a>.<\/p>\t\t\t\t\t\t<\/div>\n\t\t\t\t<\/div>\n\t\t\t\t\t<\/div>\n\t\t\t\t<\/div>\n\t\t\t\t<\/div>\n\t\t","protected":false},"excerpt":{"rendered":"<p>Impressum Dr\u00e4ger KGAlte Heerstr. 36-4053757 Sankt Augustin Telefon: 02241\/21110Telefax: 02241\/341833E-Mail: abschleppdienst@draeger-kg.de Vertreten durch:Kai-Uwe Dr\u00e4ger Registereintrag:Eingetragen im Handelsregister.Registergericht: Amtsgericht SiegburgRegisternummer: 2784 Umsatzsteuer-ID:Umsatzsteuer-Identifikationsnummer nach \u00a727a Umsatzsteuergesetz:DE123386079 Verantwortlich f\u00fcr den Inhalt (gem. \u00a7 55 Abs. 2 RStV):Dr\u00e4ger KGAlte Heerstr. 36-4053757 Sankt Augustin Bildrechte:ACE Auto Club Europa Design &amp; Konzept:Brandvisory GmbH Disclaimer \u2013 rechtliche Hinweise \u00a7 1 Warnhinweis zu [&hellip;]<\/p>\n","protected":false},"author":1,"featured_media":0,"parent":0,"menu_order":0,"comment_status":"closed","ping_status":"closed","template":"elementor_header_footer","meta":{"footnotes":""},"class_list":["post-316","page","type-page","status-publish","hentry"],"_links":{"self":[{"href":"https:\/\/draeger-kg.de\/index.php?rest_route=\/wp\/v2\/pages\/316","targetHints":{"allow":["GET"]}}],"collection":[{"href":"https:\/\/draeger-kg.de\/index.php?rest_route=\/wp\/v2\/pages"}],"about":[{"href":"https:\/\/draeger-kg.de\/index.php?rest_route=\/wp\/v2\/types\/page"}],"author":[{"embeddable":true,"href":"https:\/\/draeger-kg.de\/index.php?rest_route=\/wp\/v2\/users\/1"}],"replies":[{"embeddable":true,"href":"https:\/\/draeger-kg.de\/index.php?rest_route=%2Fwp%2Fv2%2Fcomments&post=316"}],"version-history":[{"count":13,"href":"https:\/\/draeger-kg.de\/index.php?rest_route=\/wp\/v2\/pages\/316\/revisions"}],"predecessor-version":[{"id":502,"href":"https:\/\/draeger-kg.de\/index.php?rest_route=\/wp\/v2\/pages\/316\/revisions\/502"}],"wp:attachment":[{"href":"https:\/\/draeger-kg.de\/index.php?rest_route=%2Fwp%2Fv2%2Fmedia&parent=316"}],"curies":[{"name":"wp","href":"https:\/\/api.w.org\/{rel}","templated":true}]}}